{"id":184,"date":"2016-05-17T08:50:37","date_gmt":"2016-05-17T08:50:37","guid":{"rendered":"https:\/\/chloepierron.com\/?page_id=184"},"modified":"2025-04-01T17:53:09","modified_gmt":"2025-04-01T17:53:09","slug":"about-me","status":"publish","type":"page","link":"https:\/\/chloepierron.com\/fr\/about-me\/","title":{"rendered":"About me"},"content":{"rendered":"<p><a href=\"https:\/\/chloepierron.com\/wp-content\/uploads\/2015\/01\/chloe_avatar.png\"><img loading=\"lazy\" decoding=\"async\" class=\" size-medium wp-image-132 aligncenter\" src=\"https:\/\/chloepierron.com\/wp-content\/uploads\/2015\/01\/chloe_avatar-300x300.png\" alt=\"chloe_avatar\" width=\"180\" height=\"180\" srcset=\"https:\/\/chloepierron.com\/wp-content\/uploads\/2015\/01\/chloe_avatar-300x300.png 300w, https:\/\/chloepierron.com\/wp-content\/uploads\/2015\/01\/chloe_avatar-150x150.png 150w, https:\/\/chloepierron.com\/wp-content\/uploads\/2015\/01\/chloe_avatar.png 673w\" sizes=\"auto, (max-width: 180px) 100vw, 180px\" \/><\/a><\/p>\n<h1 class=\"\" data-start=\"116\" data-end=\"133\">\u00c0 propos de moi<\/h1>\n<p class=\"\" data-start=\"135\" data-end=\"424\">La cr\u00e9ativit\u00e9 est au c\u0153ur de mon parcours, nourrie par un go\u00fbt affirm\u00e9 pour l\u2019architecture, le design et le graphisme. Mon approche sensible s\u2019exprime \u00e0 travers des projets o\u00f9 l\u2019espace devient le support d\u2019une narration esth\u00e9tique, fonctionnelle et toujours en lien avec son environnement.<\/p>\n<p class=\"\" data-start=\"426\" data-end=\"767\">Form\u00e9e initialement aux arts appliqu\u00e9s \u00e0 l\u2019<a href=\"https:\/\/ecole-boulle.org\/\">\u00c9cole Boulle<\/a>, j\u2019ai \u00e9largi mes comp\u00e9tences au fil d\u2019un parcours riche, entre Paris et Venise, m\u00ealant \u00e9tudes d\u2019architecture, exp\u00e9riences graphiques et immersion dans des univers vari\u00e9s. Cette diversit\u00e9 m\u2019a permis de d\u00e9velopper une vision transversale, \u00e0 la crois\u00e9e de plusieurs disciplines cr\u00e9atives.<\/p>\n<p class=\"\" data-start=\"769\" data-end=\"1077\">Avec Claire Parrotin, amie et collaboratrice de longue date, nous avons fond\u00e9 <strong data-start=\"847\" data-end=\"871\">le <a href=\"https:\/\/www.studio-2-c.com\/\">Studio 2C<\/a>\u00a0\u00e0 Paris<\/strong> en 2017, apr\u00e8s avoir partag\u00e9 nos \u00e9tudes \u00e0 l\u2019\u00c9cole Boulle, notre formation en architecture et l\u2019obtention de la HMONP. Cette complicit\u00e9 professionnelle a nourri nos projets communs pendant plusieurs ann\u00e9es.<\/p>\n<p class=\"\" data-start=\"1079\" data-end=\"1476\">Parall\u00e8lement, j\u2019ai d\u00e9velopp\u00e9 mon activit\u00e9 en tant qu\u2019ind\u00e9pendante, en menant des projets personnels entre la France et l\u2019Italie. En 2021, j\u2019ai officialis\u00e9 ma propre agence d\u2019architecture.<\/p>\n<p class=\"\" data-start=\"169\" data-end=\"527\">Aujourd\u2019hui, je me consacre principalement \u00e0 la r\u00e9novation et \u00e0 la transformation de maisons anciennes en Sicile, dans une d\u00e9marche respectueuse du patrimoine et des savoir-faire locaux.<br data-start=\"355\" data-end=\"358\" \/>Je collabore \u00e9galement avec l\u2019agence immobili\u00e8re <a href=\"https:\/\/www.property-in-sicily.estate\/\"><strong data-start=\"407\" data-end=\"429\">Property in Sicily<\/strong><\/a>, sp\u00e9cialis\u00e9e dans la vente de biens immobiliers destin\u00e9s exclusivement \u00e0 une client\u00e8le \u00e9trang\u00e8re.<\/p>\n<h2 class=\"\" data-start=\"1478\" data-end=\"1490\">Formation<\/h2>\n<ul data-start=\"1492\" data-end=\"2104\">\n<li class=\"\" data-start=\"1492\" data-end=\"1556\">\n<p class=\"\" data-start=\"1494\" data-end=\"1556\"><strong data-start=\"1494\" data-end=\"1502\">2018<\/strong> : HMONP \u2013 \u00c9cole d\u2019architecture de <a href=\"https:\/\/www.lavillette.com\/\">Paris-La Villette<\/a><\/p>\n<\/li>\n<li class=\"\" data-start=\"1557\" data-end=\"1652\">\n<p class=\"\" data-start=\"1559\" data-end=\"1652\"><strong data-start=\"1559\" data-end=\"1567\">2016<\/strong> : Cours certifi\u00e9s Autodesk (Revit Architecture 2017, 3DS MAX) \u2013 <a href=\"https:\/\/www.eureka-atc.com\/\">Eureka Engineering<\/a><\/p>\n<\/li>\n<li class=\"\" data-start=\"1653\" data-end=\"1721\">\n<p class=\"\" data-start=\"1655\" data-end=\"1721\"><strong data-start=\"1655\" data-end=\"1668\">2013-2015<\/strong> : Master II Architecture \u2013 <a href=\"https:\/\/www.paris-valdeseine.archi.fr\/accueil.html\">ENSA Paris-Val de Seine<\/a><\/p>\n<\/li>\n<li class=\"\" data-start=\"1722\" data-end=\"1796\">\n<p class=\"\" data-start=\"1724\" data-end=\"1796\"><strong data-start=\"1724\" data-end=\"1737\">2012-2013<\/strong> : Master I en Architecture et Urbanisme \u2013 <a href=\"https:\/\/www.iuav.it\/it\">IUAV de Venise<\/a><\/p>\n<\/li>\n<li class=\"\" data-start=\"1797\" data-end=\"1865\">\n<p class=\"\" data-start=\"1799\" data-end=\"1865\"><strong data-start=\"1799\" data-end=\"1812\">2010-2012<\/strong> : Licence d\u2019Architecture \u2013 ENSA Paris-Val de Seine<\/p>\n<\/li>\n<li class=\"\" data-start=\"1866\" data-end=\"1969\">\n<p class=\"\" data-start=\"1868\" data-end=\"1969\"><strong data-start=\"1868\" data-end=\"1881\">2009-2010<\/strong> : Licence Histoire de l\u2019Art et Arch\u00e9ologie \u2013 Universit\u00e9 de Marne-la-Vall\u00e9e \/ Sorbonne<\/p>\n<\/li>\n<li class=\"\" data-start=\"1970\" data-end=\"2028\">\n<p class=\"\" data-start=\"1972\" data-end=\"2028\"><strong data-start=\"1972\" data-end=\"1985\">2007-2009<\/strong> : BTS Expression Visuelle \u2013 <a href=\"https:\/\/www.ecole-boulle.org\/\">\u00c9cole Boulle<\/a><\/p>\n<\/li>\n<li class=\"\" data-start=\"2029\" data-end=\"2104\">\n<p class=\"\" data-start=\"2031\" data-end=\"2104\"><strong data-start=\"2031\" data-end=\"2044\">2004-2007<\/strong> : Bac STI Arts appliqu\u00e9s \u2013 <a href=\"https:\/\/etab.ac-reunion.fr\/lyc-ambroise-vollard\/\">Lyc\u00e9e Ambroise Vollard<\/a> (mention)<\/p>\n<\/li>\n<\/ul>\n<h2 class=\"\" data-start=\"2106\" data-end=\"2137\">Exp\u00e9riences professionnelles<\/h2>\n<ul data-start=\"2139\" data-end=\"2847\">\n<li class=\"\" data-start=\"2139\" data-end=\"2242\">\n<p class=\"\" data-start=\"2141\" data-end=\"2242\"><strong data-start=\"2141\" data-end=\"2156\">Depuis 2021<\/strong> : Architecte fondatrice de l\u2019agence Chlo\u00e9 Pierron \u2013 Projets de r\u00e9novation en Sicile<\/p>\n<\/li>\n<li class=\"\" data-start=\"2243\" data-end=\"2321\">\n<p class=\"\" data-start=\"2245\" data-end=\"2321\"><strong data-start=\"2245\" data-end=\"2258\">2017\u20132021<\/strong> : Cofondatrice du <strong data-start=\"2277\" data-end=\"2298\"><a href=\"https:\/\/www.studio-2-c.com\/\">Studio 2C<\/a> \u00e0 Paris<\/strong> avec Claire Parrotin<\/p>\n<\/li>\n<li class=\"\" data-start=\"2322\" data-end=\"2386\">\n<p class=\"\" data-start=\"2324\" data-end=\"2386\"><strong data-start=\"2324\" data-end=\"2337\">2016-2017<\/strong> : Architecte D.E. chez <a href=\"https:\/\/aialifedesigners.fr\/\">AIA Architectes<\/a> \u2013 Paris<\/p>\n<\/li>\n<li class=\"\" data-start=\"2387\" data-end=\"2445\">\n<p class=\"\" data-start=\"2389\" data-end=\"2445\"><strong data-start=\"2389\" data-end=\"2397\">2016<\/strong> : Architecte D.E. chez <a href=\"https:\/\/www.studiodidea.it\/\">Studio DiDeA<\/a> \u2013 Palerme<\/p>\n<\/li>\n<li class=\"\" data-start=\"2446\" data-end=\"2504\">\n<p class=\"\" data-start=\"2448\" data-end=\"2504\"><strong data-start=\"2448\" data-end=\"2461\">2015-2016<\/strong> : Architecte D.E. chez <a href=\"http:\/\/www.mf2arch.it\/mf2arch\/MF2arch.html\">MF2arch<\/a> \u2013 Palerme<\/p>\n<\/li>\n<li class=\"\" data-start=\"2505\" data-end=\"2559\">\n<p class=\"\" data-start=\"2507\" data-end=\"2559\"><strong data-start=\"2507\" data-end=\"2520\">2014-2015<\/strong> : Graphiste \u2013 Journal t\u00e9l\u00e9vis\u00e9 de <a href=\"https:\/\/www.m6.fr\/m6\">M6<\/a><\/p>\n<\/li>\n<li class=\"\" data-start=\"2560\" data-end=\"2639\">\n<p class=\"\" data-start=\"2562\" data-end=\"2639\"><strong data-start=\"2562\" data-end=\"2575\">2013-2015<\/strong> : Designer d\u2019int\u00e9rieur et graphiste \u2013 <a href=\"https:\/\/solemar-academy.com\/\">Solemar Academy<\/a>, Cefal\u00f9<\/p>\n<\/li>\n<li class=\"\" data-start=\"2640\" data-end=\"2701\">\n<p class=\"\" data-start=\"2642\" data-end=\"2701\"><strong data-start=\"2642\" data-end=\"2655\">2008-2012<\/strong> : Conseill\u00e8re de client\u00e8le \u2013 <a href=\"http:\/\/www.loftdesignby.com\/\">LOFT Design by<\/a> \u2013 Paris<\/p>\n<\/li>\n<li class=\"\" data-start=\"2702\" data-end=\"2749\">\n<p class=\"\" data-start=\"2704\" data-end=\"2749\"><strong data-start=\"2704\" data-end=\"2712\">2012<\/strong> : Stage \u2013 <a href=\"https:\/\/www.valerogadan.fr\/\">Valero-Gadan Architectes<\/a> \u2013 Paris<\/p>\n<\/li>\n<li class=\"\" data-start=\"2750\" data-end=\"2785\">\n<p class=\"\" data-start=\"2752\" data-end=\"2785\"><strong data-start=\"2752\" data-end=\"2760\">2011<\/strong> : Stage BTP \u2013 ProLogis<\/p>\n<\/li>\n<li class=\"\" data-start=\"2786\" data-end=\"2847\">\n<p class=\"\" data-start=\"2788\" data-end=\"2847\"><strong data-start=\"2788\" data-end=\"2796\">2008<\/strong> : Stages en am\u00e9nagement de stands et merchandising<\/p>\n<\/li>\n<\/ul>\n<h2 class=\"\" data-start=\"2849\" data-end=\"2863\">Comp\u00e9tences<\/h2>\n<ul data-start=\"2865\" data-end=\"3110\">\n<li class=\"\" data-start=\"2865\" data-end=\"2912\">\n<p class=\"\" data-start=\"2867\" data-end=\"2912\"><strong data-start=\"2867\" data-end=\"2883\">Architecture<\/strong> : ArchiCAD, AutoCAD, Revit<\/p>\n<\/li>\n<li class=\"\" data-start=\"2913\" data-end=\"2975\">\n<p class=\"\" data-start=\"2915\" data-end=\"2975\"><strong data-start=\"2915\" data-end=\"2928\">Graphisme<\/strong> : Photoshop, InDesign, Illustrator, Premiere<\/p>\n<\/li>\n<li class=\"\" data-start=\"2976\" data-end=\"3033\">\n<p class=\"\" data-start=\"2978\" data-end=\"3033\"><strong data-start=\"2978\" data-end=\"2993\">3D et rendu<\/strong> : SketchUp, 3DS Max, Artlantis Studio<\/p>\n<\/li>\n<li class=\"\" data-start=\"3034\" data-end=\"3077\">\n<p class=\"\" data-start=\"3036\" data-end=\"3077\"><strong data-start=\"3036\" data-end=\"3051\">Audiovisuel<\/strong> : Viz Artist, Viz World<\/p>\n<\/li>\n<li class=\"\" data-start=\"3078\" data-end=\"3110\">\n<p class=\"\" data-start=\"3080\" data-end=\"3110\"><strong data-start=\"3080\" data-end=\"3095\">Bureautique<\/strong> : Suite Office<\/p>\n<\/li>\n<\/ul>\n<h2 class=\"\" data-start=\"89\" data-end=\"99\">Langues<\/h2>\n<ul data-start=\"101\" data-end=\"210\">\n<li class=\"\" data-start=\"101\" data-end=\"137\">\n<p class=\"\" data-start=\"103\" data-end=\"137\"><strong data-start=\"103\" data-end=\"115\">Fran\u00e7ais<\/strong> : Langue maternelle<\/p>\n<\/li>\n<li class=\"\" data-start=\"138\" data-end=\"168\">\n<p class=\"\" data-start=\"140\" data-end=\"168\"><strong data-start=\"140\" data-end=\"151\">Italien<\/strong> : Courant (C2)<\/p>\n<\/li>\n<li class=\"\" data-start=\"169\" data-end=\"210\">\n<p class=\"\" data-start=\"171\" data-end=\"210\"><strong data-start=\"171\" data-end=\"182\">Anglais<\/strong> : Niveau interm\u00e9diaire (A2)<\/p>\n<\/li>\n<\/ul>\n<p><a href=\"https:\/\/chloepierron.com\/wp-content\/uploads\/2016\/11\/CV_Chloe-Pierron.pdf\"><img loading=\"lazy\" decoding=\"async\" class=\"aligncenter wp-image-238\" src=\"https:\/\/chloepierron.com\/wp-content\/uploads\/2016\/05\/banner_cv-300x300.png\" alt=\"banner_cv\" width=\"135\" height=\"135\" srcset=\"https:\/\/chloepierron.com\/wp-content\/uploads\/2016\/05\/banner_cv-300x300.png 300w, https:\/\/chloepierron.com\/wp-content\/uploads\/2016\/05\/banner_cv-150x150.png 150w, https:\/\/chloepierron.com\/wp-content\/uploads\/2016\/05\/banner_cv.png 609w\" sizes=\"auto, (max-width: 135px) 100vw, 135px\" \/><\/a><\/p>\n","protected":false},"excerpt":{"rendered":"<p>\u00c0 propos de moi La cr\u00e9ativit\u00e9 est au c\u0153ur de mon parcours, nourrie par un go\u00fbt affirm\u00e9 pour l\u2019architecture, le design et le graphisme. Mon approche sensible s\u2019exprime \u00e0 travers des projets o\u00f9 l\u2019espace devient le support d\u2019une narration esth\u00e9tique, fonctionnelle et toujours en lien avec son environnement. Form\u00e9e initialement aux arts appliqu\u00e9s \u00e0 l\u2019\u00c9cole [&hellip;]<\/p>\n","protected":false},"author":1,"featured_media":0,"parent":0,"menu_order":0,"comment_status":"closed","ping_status":"closed","template":"","meta":{"footnotes":""},"class_list":["post-184","page","type-page","status-publish","hentry"],"yoast_head":"<!-- This site is optimized with the Yoast SEO plugin v17.1 - https:\/\/yoast.com\/wordpress\/plugins\/seo\/ -->\n<meta name=\"robots\" content=\"index, follow, max-snippet:-1, max-image-preview:large, max-video-preview:-1\" \/>\n<link rel=\"canonical\" href=\"https:\/\/chloepierron.com\/fr\/about-me\/\" \/>\n<meta property=\"og:locale\" content=\"fr_FR\" \/>\n<meta property=\"og:type\" content=\"article\" \/>\n<meta property=\"og:title\" content=\"About me - Chlo\u00e9 Pierron\" \/>\n<meta property=\"og:description\" content=\"\u00c0 propos de moi La cr\u00e9ativit\u00e9 est au c\u0153ur de mon parcours, nourrie par un go\u00fbt affirm\u00e9 pour l\u2019architecture, le design et le graphisme. Mon approche sensible s\u2019exprime \u00e0 travers des projets o\u00f9 l\u2019espace devient le support d\u2019une narration esth\u00e9tique, fonctionnelle et toujours en lien avec son environnement. Form\u00e9e initialement aux arts appliqu\u00e9s \u00e0 l\u2019\u00c9cole [&hellip;]\" \/>\n<meta property=\"og:url\" content=\"https:\/\/chloepierron.com\/fr\/about-me\/\" \/>\n<meta property=\"og:site_name\" content=\"Chlo\u00e9 Pierron\" \/>\n<meta property=\"article:modified_time\" content=\"2025-04-01T17:53:09+00:00\" \/>\n<meta property=\"og:image\" content=\"https:\/\/chloepierron.com\/wp-content\/uploads\/2015\/01\/chloe_avatar-300x300.png\" \/>\n<meta name=\"twitter:card\" content=\"summary_large_image\" \/>\n<meta name=\"twitter:label1\" content=\"Dur\u00e9e de lecture est.\" \/>\n\t<meta name=\"twitter:data1\" content=\"3 minutes\" \/>\n<script type=\"application\/ld+json\" class=\"yoast-schema-graph\">{\"@context\":\"https:\/\/schema.org\",\"@graph\":[{\"@type\":\"WebSite\",\"@id\":\"https:\/\/chloepierron.com\/#website\",\"url\":\"https:\/\/chloepierron.com\/\",\"name\":\"Chlo\\u00e9 Pierron\",\"description\":\"\",\"potentialAction\":[{\"@type\":\"SearchAction\",\"target\":{\"@type\":\"EntryPoint\",\"urlTemplate\":\"https:\/\/chloepierron.com\/?s={search_term_string}\"},\"query-input\":\"required name=search_term_string\"}],\"inLanguage\":\"fr-FR\"},{\"@type\":\"ImageObject\",\"@id\":\"https:\/\/chloepierron.com\/fr\/about-me\/#primaryimage\",\"inLanguage\":\"fr-FR\",\"url\":\"https:\/\/chloepierron.com\/wp-content\/uploads\/2015\/01\/chloe_avatar.png\",\"contentUrl\":\"https:\/\/chloepierron.com\/wp-content\/uploads\/2015\/01\/chloe_avatar.png\",\"width\":673,\"height\":671},{\"@type\":\"WebPage\",\"@id\":\"https:\/\/chloepierron.com\/fr\/about-me\/#webpage\",\"url\":\"https:\/\/chloepierron.com\/fr\/about-me\/\",\"name\":\"About me - Chlo\\u00e9 Pierron\",\"isPartOf\":{\"@id\":\"https:\/\/chloepierron.com\/#website\"},\"primaryImageOfPage\":{\"@id\":\"https:\/\/chloepierron.com\/fr\/about-me\/#primaryimage\"},\"datePublished\":\"2016-05-17T08:50:37+00:00\",\"dateModified\":\"2025-04-01T17:53:09+00:00\",\"breadcrumb\":{\"@id\":\"https:\/\/chloepierron.com\/fr\/about-me\/#breadcrumb\"},\"inLanguage\":\"fr-FR\",\"potentialAction\":[{\"@type\":\"ReadAction\",\"target\":[\"https:\/\/chloepierron.com\/fr\/about-me\/\"]}]},{\"@type\":\"BreadcrumbList\",\"@id\":\"https:\/\/chloepierron.com\/fr\/about-me\/#breadcrumb\",\"itemListElement\":[{\"@type\":\"ListItem\",\"position\":1,\"name\":\"Home\",\"item\":\"https:\/\/chloepierron.com\/fr\/\"},{\"@type\":\"ListItem\",\"position\":2,\"name\":\"About me\"}]}]}<\/script>\n<!-- \/ Yoast SEO plugin. -->","yoast_head_json":{"robots":{"index":"index","follow":"follow","max-snippet":"max-snippet:-1","max-image-preview":"max-image-preview:large","max-video-preview":"max-video-preview:-1"},"canonical":"https:\/\/chloepierron.com\/fr\/about-me\/","og_locale":"fr_FR","og_type":"article","og_title":"About me - Chlo\u00e9 Pierron","og_description":"\u00c0 propos de moi La cr\u00e9ativit\u00e9 est au c\u0153ur de mon parcours, nourrie par un go\u00fbt affirm\u00e9 pour l\u2019architecture, le design et le graphisme. Mon approche sensible s\u2019exprime \u00e0 travers des projets o\u00f9 l\u2019espace devient le support d\u2019une narration esth\u00e9tique, fonctionnelle et toujours en lien avec son environnement. Form\u00e9e initialement aux arts appliqu\u00e9s \u00e0 l\u2019\u00c9cole [&hellip;]","og_url":"https:\/\/chloepierron.com\/fr\/about-me\/","og_site_name":"Chlo\u00e9 Pierron","article_modified_time":"2025-04-01T17:53:09+00:00","og_image":[{"url":"https:\/\/chloepierron.com\/wp-content\/uploads\/2015\/01\/chloe_avatar-300x300.png"}],"twitter_card":"summary_large_image","twitter_misc":{"Dur\u00e9e de lecture est.":"3 minutes"},"schema":{"@context":"https:\/\/schema.org","@graph":[{"@type":"WebSite","@id":"https:\/\/chloepierron.com\/#website","url":"https:\/\/chloepierron.com\/","name":"Chlo\u00e9 Pierron","description":"","potentialAction":[{"@type":"SearchAction","target":{"@type":"EntryPoint","urlTemplate":"https:\/\/chloepierron.com\/?s={search_term_string}"},"query-input":"required name=search_term_string"}],"inLanguage":"fr-FR"},{"@type":"ImageObject","@id":"https:\/\/chloepierron.com\/fr\/about-me\/#primaryimage","inLanguage":"fr-FR","url":"https:\/\/chloepierron.com\/wp-content\/uploads\/2015\/01\/chloe_avatar.png","contentUrl":"https:\/\/chloepierron.com\/wp-content\/uploads\/2015\/01\/chloe_avatar.png","width":673,"height":671},{"@type":"WebPage","@id":"https:\/\/chloepierron.com\/fr\/about-me\/#webpage","url":"https:\/\/chloepierron.com\/fr\/about-me\/","name":"About me - Chlo\u00e9 Pierron","isPartOf":{"@id":"https:\/\/chloepierron.com\/#website"},"primaryImageOfPage":{"@id":"https:\/\/chloepierron.com\/fr\/about-me\/#primaryimage"},"datePublished":"2016-05-17T08:50:37+00:00","dateModified":"2025-04-01T17:53:09+00:00","breadcrumb":{"@id":"https:\/\/chloepierron.com\/fr\/about-me\/#breadcrumb"},"inLanguage":"fr-FR","potentialAction":[{"@type":"ReadAction","target":["https:\/\/chloepierron.com\/fr\/about-me\/"]}]},{"@type":"BreadcrumbList","@id":"https:\/\/chloepierron.com\/fr\/about-me\/#breadcrumb","itemListElement":[{"@type":"ListItem","position":1,"name":"Home","item":"https:\/\/chloepierron.com\/fr\/"},{"@type":"ListItem","position":2,"name":"About me"}]}]}},"_links":{"self":[{"href":"https:\/\/chloepierron.com\/fr\/wp-json\/wp\/v2\/pages\/184","targetHints":{"allow":["GET"]}}],"collection":[{"href":"https:\/\/chloepierron.com\/fr\/wp-json\/wp\/v2\/pages"}],"about":[{"href":"https:\/\/chloepierron.com\/fr\/wp-json\/wp\/v2\/types\/page"}],"author":[{"embeddable":true,"href":"https:\/\/chloepierron.com\/fr\/wp-json\/wp\/v2\/users\/1"}],"replies":[{"embeddable":true,"href":"https:\/\/chloepierron.com\/fr\/wp-json\/wp\/v2\/comments?post=184"}],"version-history":[{"count":15,"href":"https:\/\/chloepierron.com\/fr\/wp-json\/wp\/v2\/pages\/184\/revisions"}],"predecessor-version":[{"id":451,"href":"https:\/\/chloepierron.com\/fr\/wp-json\/wp\/v2\/pages\/184\/revisions\/451"}],"wp:attachment":[{"href":"https:\/\/chloepierron.com\/fr\/wp-json\/wp\/v2\/media?parent=184"}],"curies":[{"name":"wp","href":"https:\/\/api.w.org\/{rel}","templated":true}]}}