{"id":201,"date":"2016-05-17T09:56:45","date_gmt":"2016-05-17T09:56:45","guid":{"rendered":"https:\/\/chloepierron.com\/?page_id=201"},"modified":"2020-05-13T13:26:09","modified_gmt":"2020-05-13T13:26:09","slug":"home","status":"publish","type":"page","link":"https:\/\/chloepierron.com\/fr\/","title":{"rendered":"Home"},"content":{"rendered":"<div class=\"swiper swiper-container\" style=\"width: 100%; height: 100%\" data-loop=\"false\" data-autoplay=\"4000\" data-speed=\"1000\"><div class=\"swiper-wrapper\">\n<div class=\"swiper-slide overlay overlay-dark-50\" style=\"background-image: url(https:\/\/chloepierron.com\/wp-content\/uploads\/2015\/01\/slide-002.jpg)\"><h3>Vari\u00e9t\u00e9 et sensibilit\u00e9<\/h3><\/div>\n<div class=\"swiper-slide overlay overlay-dark-50\" style=\"background-image: url(https:\/\/chloepierron.com\/wp-content\/uploads\/2015\/01\/slide-0012.jpg)\"><h3>\u201cArchitecture is the reaching out for the truth.\u201d L. Khan<\/h3><\/div>\n<div class=\"swiper-slide overlay overlay-dark-50\" style=\"background-image: url(https:\/\/chloepierron.com\/wp-content\/uploads\/2015\/01\/slide-0011.jpg)\"><h3>Chaque projet est unique<\/h3><\/div>\n<\/div><a class=\"nav-arrow nav-left\" href=\"#\"><\/a><a class=\"nav-arrow nav-right\" href=\"#\"><\/a><\/div>\n","protected":false},"excerpt":{"rendered":"","protected":false},"author":1,"featured_media":132,"parent":0,"menu_order":0,"comment_status":"closed","ping_status":"open","template":"template-homepage.php","meta":{"footnotes":""},"class_list":["post-201","page","type-page","status-publish","has-post-thumbnail","hentry"],"yoast_head":"<!-- This site is optimized with the Yoast SEO plugin v17.1 - https:\/\/yoast.com\/wordpress\/plugins\/seo\/ -->\n<meta name=\"robots\" content=\"index, follow, max-snippet:-1, max-image-preview:large, max-video-preview:-1\" \/>\n<link rel=\"canonical\" href=\"https:\/\/chloepierron.com\/fr\/\" \/>\n<meta property=\"og:locale\" content=\"fr_FR\" \/>\n<meta property=\"og:type\" content=\"article\" \/>\n<meta property=\"og:title\" content=\"Home - Chlo\u00e9 Pierron\" \/>\n<meta property=\"og:url\" content=\"https:\/\/chloepierron.com\/fr\/\" \/>\n<meta property=\"og:site_name\" content=\"Chlo\u00e9 Pierron\" \/>\n<meta property=\"article:modified_time\" content=\"2020-05-13T13:26:09+00:00\" \/>\n<meta property=\"og:image\" content=\"https:\/\/chloepierron.com\/wp-content\/uploads\/2015\/01\/chloe_avatar.png\" \/>\n\t<meta property=\"og:image:width\" content=\"673\" \/>\n\t<meta property=\"og:image:height\" content=\"671\" \/>\n<meta name=\"twitter:card\" content=\"summary_large_image\" \/>\n<script type=\"application\/ld+json\" class=\"yoast-schema-graph\">{\"@context\":\"https:\/\/schema.org\",\"@graph\":[{\"@type\":\"WebSite\",\"@id\":\"https:\/\/chloepierron.com\/#website\",\"url\":\"https:\/\/chloepierron.com\/\",\"name\":\"Chlo\\u00e9 Pierron\",\"description\":\"\",\"potentialAction\":[{\"@type\":\"SearchAction\",\"target\":{\"@type\":\"EntryPoint\",\"urlTemplate\":\"https:\/\/chloepierron.com\/?s={search_term_string}\"},\"query-input\":\"required name=search_term_string\"}],\"inLanguage\":\"fr-FR\"},{\"@type\":\"ImageObject\",\"@id\":\"https:\/\/chloepierron.com\/fr\/#primaryimage\",\"inLanguage\":\"fr-FR\",\"url\":\"https:\/\/chloepierron.com\/wp-content\/uploads\/2015\/01\/chloe_avatar.png\",\"contentUrl\":\"https:\/\/chloepierron.com\/wp-content\/uploads\/2015\/01\/chloe_avatar.png\",\"width\":673,\"height\":671},{\"@type\":\"WebPage\",\"@id\":\"https:\/\/chloepierron.com\/fr\/#webpage\",\"url\":\"https:\/\/chloepierron.com\/fr\/\",\"name\":\"Home - Chlo\\u00e9 Pierron\",\"isPartOf\":{\"@id\":\"https:\/\/chloepierron.com\/#website\"},\"primaryImageOfPage\":{\"@id\":\"https:\/\/chloepierron.com\/fr\/#primaryimage\"},\"datePublished\":\"2016-05-17T09:56:45+00:00\",\"dateModified\":\"2020-05-13T13:26:09+00:00\",\"breadcrumb\":{\"@id\":\"https:\/\/chloepierron.com\/fr\/#breadcrumb\"},\"inLanguage\":\"fr-FR\",\"potentialAction\":[{\"@type\":\"ReadAction\",\"target\":[\"https:\/\/chloepierron.com\/fr\/\"]}]},{\"@type\":\"BreadcrumbList\",\"@id\":\"https:\/\/chloepierron.com\/fr\/#breadcrumb\",\"itemListElement\":[{\"@type\":\"ListItem\",\"position\":1,\"name\":\"Home\",\"item\":\"https:\/\/chloepierron.com\/fr\/\"},{\"@type\":\"ListItem\",\"position\":2,\"name\":\"Home\"}]}]}<\/script>\n<!-- \/ Yoast SEO plugin. -->","yoast_head_json":{"robots":{"index":"index","follow":"follow","max-snippet":"max-snippet:-1","max-image-preview":"max-image-preview:large","max-video-preview":"max-video-preview:-1"},"canonical":"https:\/\/chloepierron.com\/fr\/","og_locale":"fr_FR","og_type":"article","og_title":"Home - Chlo\u00e9 Pierron","og_url":"https:\/\/chloepierron.com\/fr\/","og_site_name":"Chlo\u00e9 Pierron","article_modified_time":"2020-05-13T13:26:09+00:00","og_image":[{"width":673,"height":671,"url":"https:\/\/chloepierron.com\/wp-content\/uploads\/2015\/01\/chloe_avatar.png","path":"\/home\/solemard\/chloepierron.com\/wp-content\/uploads\/2015\/01\/chloe_avatar.png","size":"full","id":132,"alt":"","pixels":451583,"type":"image\/png"}],"twitter_card":"summary_large_image","schema":{"@context":"https:\/\/schema.org","@graph":[{"@type":"WebSite","@id":"https:\/\/chloepierron.com\/#website","url":"https:\/\/chloepierron.com\/","name":"Chlo\u00e9 Pierron","description":"","potentialAction":[{"@type":"SearchAction","target":{"@type":"EntryPoint","urlTemplate":"https:\/\/chloepierron.com\/?s={search_term_string}"},"query-input":"required name=search_term_string"}],"inLanguage":"fr-FR"},{"@type":"ImageObject","@id":"https:\/\/chloepierron.com\/fr\/#primaryimage","inLanguage":"fr-FR","url":"https:\/\/chloepierron.com\/wp-content\/uploads\/2015\/01\/chloe_avatar.png","contentUrl":"https:\/\/chloepierron.com\/wp-content\/uploads\/2015\/01\/chloe_avatar.png","width":673,"height":671},{"@type":"WebPage","@id":"https:\/\/chloepierron.com\/fr\/#webpage","url":"https:\/\/chloepierron.com\/fr\/","name":"Home - Chlo\u00e9 Pierron","isPartOf":{"@id":"https:\/\/chloepierron.com\/#website"},"primaryImageOfPage":{"@id":"https:\/\/chloepierron.com\/fr\/#primaryimage"},"datePublished":"2016-05-17T09:56:45+00:00","dateModified":"2020-05-13T13:26:09+00:00","breadcrumb":{"@id":"https:\/\/chloepierron.com\/fr\/#breadcrumb"},"inLanguage":"fr-FR","potentialAction":[{"@type":"ReadAction","target":["https:\/\/chloepierron.com\/fr\/"]}]},{"@type":"BreadcrumbList","@id":"https:\/\/chloepierron.com\/fr\/#breadcrumb","itemListElement":[{"@type":"ListItem","position":1,"name":"Home","item":"https:\/\/chloepierron.com\/fr\/"},{"@type":"ListItem","position":2,"name":"Home"}]}]}},"_links":{"self":[{"href":"https:\/\/chloepierron.com\/fr\/wp-json\/wp\/v2\/pages\/201","targetHints":{"allow":["GET"]}}],"collection":[{"href":"https:\/\/chloepierron.com\/fr\/wp-json\/wp\/v2\/pages"}],"about":[{"href":"https:\/\/chloepierron.com\/fr\/wp-json\/wp\/v2\/types\/page"}],"author":[{"embeddable":true,"href":"https:\/\/chloepierron.com\/fr\/wp-json\/wp\/v2\/users\/1"}],"replies":[{"embeddable":true,"href":"https:\/\/chloepierron.com\/fr\/wp-json\/wp\/v2\/comments?post=201"}],"version-history":[{"count":1,"href":"https:\/\/chloepierron.com\/fr\/wp-json\/wp\/v2\/pages\/201\/revisions"}],"predecessor-version":[{"id":205,"href":"https:\/\/chloepierron.com\/fr\/wp-json\/wp\/v2\/pages\/201\/revisions\/205"}],"wp:featuredmedia":[{"embeddable":true,"href":"https:\/\/chloepierron.com\/fr\/wp-json\/wp\/v2\/media\/132"}],"wp:attachment":[{"href":"https:\/\/chloepierron.com\/fr\/wp-json\/wp\/v2\/media?parent=201"}],"curies":[{"name":"wp","href":"https:\/\/api.w.org\/{rel}","templated":true}]}}